{"id":16064,"date":"2024-10-30T13:49:13","date_gmt":"2024-10-30T12:49:13","guid":{"rendered":"https:\/\/cistirna-kobercu.eu\/?page_id=16064"},"modified":"2024-11-07T17:41:12","modified_gmt":"2024-11-07T16:41:12","slug":"viscose-carpets","status":"publish","type":"page","link":"https:\/\/cistirna-kobercu.eu\/en\/viscose-carpets\/","title":{"rendered":"Viscose carpets"},"content":{"rendered":"<p>[et_pb_section fb_built=&#8221;1&#8243; _builder_version=&#8221;4.27.2&#8243; _module_preset=&#8221;default&#8221; background_color=&#8221;#fafafa&#8221; custom_padding=&#8221;30px||30px||true|false&#8221; saved_tabs=&#8221;all&#8221; global_colors_info=&#8221;{}&#8221; global_module=&#8221;16277&#8243; theme_builder_area=&#8221;post_content&#8221;][et_pb_row _builder_version=&#8221;4.27.2&#8243; _module_preset=&#8221;default&#8221; global_colors_info=&#8221;{}&#8221; theme_builder_area=&#8221;post_content&#8221;][et_pb_column type=&#8221;4_4&#8243; _builder_version=&#8221;4.27.2&#8243; _module_preset=&#8221;default&#8221; global_colors_info=&#8221;{}&#8221; theme_builder_area=&#8221;post_content&#8221;][et_pb_text _builder_version=&#8221;4.27.2&#8243; _dynamic_attributes=&#8221;content&#8221; _module_preset=&#8221;default&#8221; text_font=&#8221;|700|||||||&#8221; text_orientation=&#8221;center&#8221; header_font_size_tablet=&#8221;&#8221; header_font_size_phone=&#8221;26px&#8221; header_font_size_last_edited=&#8221;on|phone&#8221; global_colors_info=&#8221;{}&#8221; theme_builder_area=&#8221;post_content&#8221;]@ET-DC@eyJkeW5hbWljIjp0cnVlLCJjb250ZW50IjoicG9zdF90aXRsZSIsInNldHRpbmdzIjp7ImJlZm9yZSI6IjxoMT4iLCJhZnRlciI6IjwvaDE+In19@[\/et_pb_text][\/et_pb_column][\/et_pb_row][\/et_pb_section][et_pb_section fb_built=&#8221;1&#8243; _builder_version=&#8221;4.27.2&#8243; _module_preset=&#8221;default&#8221; global_colors_info=&#8221;{}&#8221;][et_pb_row _builder_version=&#8221;4.27.2&#8243; _module_preset=&#8221;default&#8221; global_colors_info=&#8221;{}&#8221;][et_pb_column type=&#8221;4_4&#8243; _builder_version=&#8221;4.27.2&#8243; _module_preset=&#8221;default&#8221; global_colors_info=&#8221;{}&#8221;][et_pb_text _builder_version=&#8221;4.27.2&#8243; _module_preset=&#8221;default&#8221; hover_enabled=&#8221;0&#8243; global_colors_info=&#8221;{}&#8221; sticky_enabled=&#8221;0&#8243;]<strong>Viscose Carpet Cleaning<\/strong>, viscose carpet cleaning, viscose wool carpet cleaning, piece viscose carpet cleaning, silk viscose carpet cleaning provides services to clients in the refurbishment, repair, deep cleaning, revitalization, antibacterial and disinfectant protection, impregnation of natural carpets according to your wishes in top quality according to our internal company standards, IICRC\u2122 guidelines and standards and expertly implemented <strong>PERSIAN\u00ae<\/strong> system.<\/p>\n<p><img loading=\"lazy\" decoding=\"async\" class=\"wp-image-338 alignnone size-full\" src=\"https:\/\/cistirna-kobercu.eu\/wp-content\/uploads\/2024\/10\/Viskozove-koberce-01.webp\" alt=\"Viscose carpets\" width=\"1200\" height=\"477\" srcset=\"https:\/\/cistirna-kobercu.eu\/wp-content\/uploads\/2024\/10\/Viskozove-koberce-01.webp 1200w, https:\/\/cistirna-kobercu.eu\/wp-content\/uploads\/2024\/10\/Viskozove-koberce-01-980x390.webp 980w, https:\/\/cistirna-kobercu.eu\/wp-content\/uploads\/2024\/10\/Viskozove-koberce-01-480x191.webp 480w\" sizes=\"(min-width: 0px) and (max-width: 480px) 480px, (min-width: 481px) and (max-width: 980px) 980px, (min-width: 981px) 1200px, 100vw\" \/><\/p>\n<p><img loading=\"lazy\" decoding=\"async\" class=\"alignleft wp-image-193\" src=\"https:\/\/cistirna-kobercu.eu\/wp-content\/uploads\/2024\/10\/Persian.webp\" alt=\"PERSIAN\" width=\"225\" height=\"83\" \/>the <b>PERSIAN<\/b><b>\u00ae<\/b> trademark defines the Carpet Service\u00ae branded technology concept of expertly executed carpet service companies focused on the regular maintenance, cleaning, revitalization and impregnation of synthetic, natural, wool, viscose and silk carpets, textile and leather sofas, chairs and upholstered materials. This branded concept delivers the utmost professionalism in full synergy with maintaining ethical, environmental and quality performance standards, including a&nbsp;contractual guarantee of the services provided by the contractor.<\/p>\n<p><b>Viscose carpets<\/b> fall into the category of more expensive to expensive carpets and their maintenance is not easy and above all, should be carried out by a&nbsp;qualified contractor. If your viscose carpet at home gets a&nbsp;lot of use, it may get to a&nbsp;state where you cannot get rid of dust and dirt by just vacuuming and therefore it is always best to have your viscose carpet professionally cleaned. Proper cleaning techniques can keep your carpet in great condition.<\/p>\n<h2>Viscose Carpets &#8211; The History and Science of Carpets<\/h2>\n<p><b>Viscose<\/b> hand woven carpets are very soft and smooth unlike wool. It is also a&nbsp;natural material. Viscose carpets are a&nbsp;great cost-effective alternative to silk carpets. Like their luxury counterparts, viscose designs offer exceptional smoothness and a&nbsp;glossy finish. Viscose fibers have the same visually high sheen as silk yarns. This makes viscose rugs a&nbsp;suitable alternative to more luxurious textiles.<\/p>\n<p><b>Viscose<\/b> carpets are known for their great comfort, which is due to the soft rayon fibres that are embedded in the carpet. The carpets are offered in bright colors and with striking patterns that will elevate the decor of any home. Although some arrangers use viscose rugs as wall decorations.<\/p>\n<p><b>Viscose<\/b> rugs offer an easy way to enhance interior decor on a&nbsp;limited budget. They are available in a&nbsp;range of enticing patterns and bold colours. They are made from natural synthetic fibres that add exceptional comfort.<\/p>\n<p>The <b>location<\/b> of a&nbsp;viscose rug can be used throughout the home due to their durable viscose. A&nbsp;beige viscose rug will look great in rooms decorated in neutral tones, while red patterns will add vibrancy to intimate spaces such as the living room.<\/p>\n<p><b>Viscose<\/b> rugs allow you to easily achieve a&nbsp;designer look without having to dig deep into your pockets. You can either choose a&nbsp;simple colour or combine different shades to achieve a&nbsp;more eclectic look.<\/p>\n<p><img loading=\"lazy\" decoding=\"async\" class=\"wp-image-339 alignnone size-full\" src=\"https:\/\/cistirna-kobercu.eu\/wp-content\/uploads\/2024\/10\/Viskozove-koberce-02.webp\" alt=\"Viscose Rugs\" width=\"1200\" height=\"337\" srcset=\"https:\/\/cistirna-kobercu.eu\/wp-content\/uploads\/2024\/10\/Viskozove-koberce-02.webp 1200w, https:\/\/cistirna-kobercu.eu\/wp-content\/uploads\/2024\/10\/Viskozove-koberce-02-980x275.webp 980w, https:\/\/cistirna-kobercu.eu\/wp-content\/uploads\/2024\/10\/Viskozove-koberce-02-480x135.webp 480w\" sizes=\"(min-width: 0px) and (max-width: 480px) 480px, (min-width: 481px) and (max-width: 980px) 980px, (min-width: 981px) 1200px, 100vw\" \/><\/p>\n<h2>Viscose carpet cleaning and maintenance<\/h2>\n<p><b>Viscose carpets<\/b> with natural material require professional care. It is not recommended to attempt home deep cleaning via a&nbsp;steam cleaner from the back and front, as the steam cleaner is unable to clean it all and the excessive heat penetrating it damages the wool and its natural lanolin. Excessive heat can also lead to shrinkage of the natural fibres of viscose carpets, which can put you at risk of permanent damage.<\/p>\n<p><b>Home<\/b> care for viscose carpets is simple. Regular weekly vacuuming ideally with a&nbsp;knocking head will not harm it for decades. The natural vegetable dyes, dense weave and natural grease of virgin wool provide protection so that most dirt will not penetrate the carpet at all. Only the smallest particles of sand and dust can settle in the foundation over time. In order to remove even the smallest dust particles from the carpet, it is recommended to have the carpet deep cleaned every 2-3 years by an expert &#8211; professional natural carpet cleaner.<\/p>\n<p><b>If<\/b> the viscose carpet only comes into contact with water, it is usually enough to dry it thoroughly on both sides. Viscose is particularly sensitive to moisture. Therefore, care must be taken not to ruin the carpet with spilled liquids. Any spillages should be wiped up immediately with an absorbent cotton cloth. The carpet will lift for several days in a&nbsp;wet place, as the warp expands due to the moisture. Once the moisture has escaped from the carpet, the warp will settle again and the carpet will not change. Heavy rubbing of water stains in dry conditions or the use of cleaning agents should be avoided, as both can damage the viscose carpet. In the case of coffee or cola stains, you should contact a&nbsp;professional as soon as possible. You can treat the stain yourself using lukewarm water and dishwashing liquid. However, you should seek professional advice before doing so.<\/p>\n<p>&nbsp;<\/p>\n<p>The <b>professional<\/b> carpet cleaning and the reputable viscose carpet maintenance provided through an expertly skilled process brings assurance that your viscose carpet will not shrink, fade, or even show any damage.<\/p>\n<ul>\n<li>We first remove most dirt and dust from the viscose carpet by hand with gentle machinery, instead of running it through aggressive equipment that can damage your precious carpet.<\/li>\n<li>Depending on the material of your viscose carpet, we will use a&nbsp;specialized stain remover to thoroughly remove or reduce the stain depending on the condition of the carpet.<\/li>\n<li>Depending on the material, your carpet will either be cleaned in a&nbsp;water bath and then chemically cleaned using special &#8220;WOOL SAFE&#8221; chemical cleaners.<\/li>\n<li>We will then dry the viscose carpet as best we can to remove excess moisture and let it dry and turn it off.<\/li>\n<li>Finally, we thoroughly disinfect and impregnate the viscose carpet and after a&nbsp;thorough inspection, we wrap it and prepare it for delivery or transport to you.<\/li>\n<\/ul>\n<p><b>In conclusion<\/b>, it is always better to have your viscose carpets cleaned by a&nbsp;professional than to try to do it yourself. This is because the greater the likelihood of a&nbsp;mistake, the more your carpet will be damaged or may become locally degraded and even irreversibly so.[\/et_pb_text][\/et_pb_column][\/et_pb_row][\/et_pb_section]<\/p>\n","protected":false},"excerpt":{"rendered":"<p>Viscose Carpet Cleaning, viscose carpet cleaning, viscose wool carpet cleaning, piece viscose carpet cleaning, silk viscose carpet cleaning provides services to clients in the refurbishment, repair, deep cleaning, revitalization, antibacterial and disinfectant protection, impregnation of natural carpets according to your wishes in top quality according to our internal company standards, IICRC\u2122 guidelines and standards and [&hellip;]<\/p>\n","protected":false},"author":2,"featured_media":0,"parent":0,"menu_order":0,"comment_status":"closed","ping_status":"closed","template":"","meta":{"_et_pb_use_builder":"on","_et_pb_old_content":"<p>[et_pb_section fb_built=\"1\" _builder_version=\"4.27.2\" _module_preset=\"default\" background_color=\"#fafafa\" custom_padding=\"30px||30px||true|false\" global_module=\"91\" saved_tabs=\"all\" global_colors_info=\"{}\"][et_pb_row _builder_version=\"4.27.2\" _module_preset=\"default\" global_colors_info=\"{}\"][et_pb_column type=\"4_4\" _builder_version=\"4.27.2\" _module_preset=\"default\" global_colors_info=\"{}\"][et_pb_text _builder_version=\"4.27.2\" _dynamic_attributes=\"content\" _module_preset=\"default\" text_font=\"|700|||||||\" text_orientation=\"center\" header_font_size_tablet=\"\" header_font_size_phone=\"26px\" header_font_size_last_edited=\"on|phone\" global_colors_info=\"{}\"]@ET-DC@eyJkeW5hbWljIjp0cnVlLCJjb250ZW50IjoicG9zdF90aXRsZSIsInNldHRpbmdzIjp7ImJlZm9yZSI6IjxoMT4iLCJhZnRlciI6IjwvaDE+In19@[\/et_pb_text][\/et_pb_column][\/et_pb_row][\/et_pb_section][et_pb_section fb_built=\"1\" _builder_version=\"4.27.2\" _module_preset=\"default\" global_colors_info=\"{}\"][et_pb_row _builder_version=\"4.27.2\" _module_preset=\"default\" global_colors_info=\"{}\"][et_pb_column type=\"4_4\" _builder_version=\"4.27.2\" _module_preset=\"default\" global_colors_info=\"{}\"][et_pb_text _builder_version=\"4.27.2\" _module_preset=\"default\" hover_enabled=\"0\" global_colors_info=\"{}\" sticky_enabled=\"0\"]<\/p><p><b>\u010cist\u00edrna visk\u00f3zov\u00fdch koberc\u016f<\/b>, <a href=\"https:\/\/cistirna-kobercu.eu\/pradelna-a-prani-kobercu\/\">\u010di\u0161t\u011bn\u00ed visk\u00f3zov\u00fdch koberc\u016f<\/a>, <a href=\"https:\/\/cistirna-kobercu.eu\/cistirna-vlnenych-kobercu\/\">\u010dist\u00edrna visk\u00f3zov\u00fdch vln\u011bn\u00fdch koberc\u016f<\/a>, <a href=\"https:\/\/cistirna-kobercu.eu\/cistirna-kusovych-kobercu\/\">\u010di\u0161t\u011bn\u00ed kusov\u00fdch visk\u00f3zov\u00fdch koberc\u016f<\/a>, <a href=\"https:\/\/cistirna-kobercu.eu\/cistirna-hedvabnych-kobercu\/\">\u010dist\u00edrna hedv\u00e1bn\u00fdch visk\u00f3zov\u00fdch koberc\u016f<\/a> poskytuje slu\u017eby klient\u016fm v oblastech <a href=\"https:\/\/cistirna-kobercu.eu\/opravy-kobercu-a-trasni\/\">renovace, oprav<\/a>, hloubkov\u00e9 \u010di\u0161t\u011bn\u00ed, revitalizace, <a href=\"https:\/\/cistirna-kobercu.eu\/dezinfekce-kobercu-ozonem\/\">antibakteri\u00e1ln\u00ed a dezinfek\u010dn\u00ed ochrany<\/a>, <a href=\"https:\/\/www.cisteni-kobercu.cz\/impregnace-a-ochrana-kobercu\/\">impregnace p\u0159\u00edrodn\u00edch koberc\u016f<\/a> dle Va\u0161eho p\u0159\u00e1n\u00ed ve \u0161pi\u010dkov\u00e9 kvalit\u011b dle na\u0161ich intern\u00edch firemn\u00edch standard\u016f, sm\u011brnic\u00a0\u00a0a norem IICRC\u2122 a odborn\u011b prov\u00e1d\u011bc\u00edho syst\u00e9mu <b>PERSIAN\u00ae<\/b><\/p><p><img class=\"wp-image-338 alignnone size-full\" src=\"https:\/\/cistirna-kobercu.eu\/wp-content\/uploads\/2024\/10\/Viskozove-koberce-01.webp\" alt=\"Visk\u00f3zov\u00e9 koberce\" width=\"1200\" height=\"477\" \/><\/p><p><img class=\"alignleft wp-image-193\" src=\"https:\/\/cistirna-kobercu.eu\/wp-content\/uploads\/2024\/10\/Persian.webp\" alt=\"Persian\" width=\"225\" height=\"83\" \/>obchodn\u00ed ochrann\u00e1 zn\u00e1mka <b>PERSIAN<\/b><b>\u00ae<\/b> definuje\u00a0zna\u010dkov\u00fd technologick\u00fd koncept odborn\u011b zp\u016fsobil\u00e9 prov\u00e1d\u011bc\u00ed firmy\u00a0Kobercov\u00fd Servis\u00ae\u00a0zam\u011b\u0159en\u00fd na pravidelnou \u00fadr\u017ebu, \u010di\u0161t\u011bn\u00ed, o\u017eiven\u00ed a\u00a0impregnaci um\u011bl\u00fdch, p\u0159\u00edrodn\u00edch, vln\u011bn\u00fdch, visk\u00f3zov\u00fdch a\u00a0hedv\u00e1bn\u00fdch koberc\u016f, textiln\u00edch a\u00a0ko\u017een\u00fdch seda\u010dek, k\u0159esel, \u017eidl\u00ed a\u00a0\u010daloun\u011bn\u00fdch materi\u00e1l\u016f. Tato zna\u010dkov\u00e1 koncepce p\u0159in\u00e1\u0161\u00ed maxim\u00e1ln\u00ed profesionalitu v\u00a0pln\u00e9 sou\u010dinnosti se zachov\u00e1n\u00edm etick\u00fdch, ekologick\u00fdch a\u00a0jakostn\u00edch prov\u00e1d\u011bc\u00edch standard\u016f v\u010detn\u011b smluvn\u00ed garance poskytovan\u00fdch slu\u017eeb zhotovitele.<\/p><p><b>Visk\u00f3zov\u00e9 koberce<\/b> spadaj\u00ed do kategorie dra\u017e\u0161\u00edch a\u017e drah\u00fdch koberc\u016f a jejich \u00fadr\u017eba nen\u00ed snadn\u00e1 a p\u0159edev\u0161\u00edm by m\u011bla b\u00fdt prov\u00e1d\u011bna odborn\u011b zp\u016fsobilou prov\u00e1d\u011bc\u00ed firmou. Pokud je v\u00e1\u0161 visk\u00f3zov\u00fd koberec doma hodn\u011b zat\u011b\u017eov\u00e1n, m\u016f\u017ee se st\u00e1t, \u017ee se dostane do stavu, kdy se prachu a ne\u010distot nezbav\u00edte vys\u00e1v\u00e1n\u00edm ji\u017e pouh\u00fd vys\u00e1v\u00e1n\u00edm a proto visk\u00f3zov\u00fd koberec je v\u017edy nejlep\u0161\u00ed nechat vy\u010distit profesion\u00e1ln\u011b. Spr\u00e1vn\u00e9 techniky \u010di\u0161t\u011bn\u00ed mohou udr\u017eet v\u00e1\u0161 koberec ve skv\u011bl\u00e9m stavu.<\/p><h2>Visk\u00f3zov\u00e9 koberce \u2013 historie a nauka o koberc\u00edch<\/h2><p><b>Visk\u00f3zov\u00e9<\/b> ru\u010dn\u011b tkan\u00e9 koberce jsou velmi hebk\u00e9 a hladk\u00e9 narozd\u00edl od vlny. Jedn\u00e1 se rovn\u011b\u017e o p\u0159\u00edrodn\u00ed materi\u00e1l. Visk\u00f3zov\u00e9 koberce jsou skv\u011blou cenov\u011b v\u00fdhodnou alternativou k hedv\u00e1bn\u00fdm koberc\u016fm. Stejn\u011b jako jejich luxusn\u00ed prot\u011bj\u0161ky i visk\u00f3zov\u00e9 vzory nab\u00edzej\u00ed v\u00fdjime\u010dnou hladkost a leskl\u00fd povrch. Visk\u00f3zov\u00e1 vl\u00e1kna maj\u00ed vizu\u00e1ln\u011b stejn\u011b vysok\u00fd lesk jako hedv\u00e1bn\u00e1 p\u0159\u00edze. D\u00edky tomu jsou visk\u00f3zov\u00e9 koberce vhodnou alternativou luxusn\u011bj\u0161\u00edch textili\u00ed.<\/p><p><b>Visk\u00f3zov\u00e9 <\/b>koberce jsou zn\u00e1m\u00e9 d\u00edky velk\u00e9mu pohodl\u00ed, kter\u00e9 je d\u00e1no m\u011bkk\u00fdmi vl\u00e1kny um\u011bl\u00e9ho hedv\u00e1b\u00ed, kter\u00e1 jsou do koberc\u016f vkl\u00e1d\u00e1na. Koberce jsou nab\u00edzeny v jasn\u00fdch barv\u00e1ch a s pozoruhodn\u00fdmi vzory, kter\u00e9 pozvednou v\u00fdzdobu ka\u017ed\u00e9ho domova. I kdy\u017e n\u011bkte\u0159\u00ed aran\u017e\u00e9\u0159i pou\u017e\u00edvaj\u00ed visk\u00f3zov\u00e9 koberce jako n\u00e1st\u011bnn\u00e9 ozdoby.<\/p><p><b>Visk\u00f3zov\u00e9<\/b> koberce nab\u00edzej\u00ed snadn\u00fd zp\u016fsob, jak s omezen\u00fdm rozpo\u010dtem vylep\u0161it v\u00fdzdobu interi\u00e9ru. Jsou k dispozici v \u0159ad\u011b l\u00e1kav\u00fdch vzor\u016f a v\u00fdrazn\u00fdch barevn\u00fdch proveden\u00ed. Vyrobeny jsou z p\u0159\u00edrodn\u00edch syntetick\u00fdch vl\u00e1ken, kter\u00e1 dod\u00e1vaj\u00ed v\u00fdjime\u010dn\u00fd komfort.<\/p><p><b>Um\u00edst\u011bn\u00ed<\/b> visk\u00f3zov\u00e9ho koberce lze d\u00edky jejich odolnosti visk\u00f3zy pou\u017e\u00edt v cel\u00e9 dom\u00e1cnosti. B\u00e9\u017eov\u00fd visk\u00f3zov\u00fd koberec se bude skv\u011ble vyj\u00edmat v m\u00edstnostech za\u0159\u00edzen\u00fdch v neutr\u00e1ln\u00edch t\u00f3nech, zat\u00edmco \u010derven\u00e9 vzory dodaj\u00ed \u017eivost intimn\u00edm prostor\u00e1m, jako je ob\u00fdvac\u00ed pokoj.<\/p><p><b>Visk\u00f3zov\u00e9<\/b> koberce v\u00e1m umo\u017en\u00ed snadno dos\u00e1hnout designov\u00e9ho vzhledu, ani\u017e byste museli sahat hluboko do kapsy. Bu\u010f m\u016f\u017eete zvolit jednoduchou barvu, nebo kombinovat r\u016fzn\u00e9 odst\u00edny a dos\u00e1hnout tak eklekti\u010dt\u011bj\u0161\u00edho vzhledu.<\/p><p><img class=\"wp-image-339 alignnone size-full\" src=\"https:\/\/cistirna-kobercu.eu\/wp-content\/uploads\/2024\/10\/Viskozove-koberce-02.webp\" alt=\"Visk\u00f3zov\u00e9 koberce\" width=\"1200\" height=\"337\" \/><\/p><h2>\u010ci\u0161t\u011bn\u00ed visk\u00f3zov\u00fdch koberc\u016f a jejich\u00a0\u00fadr\u017eba<\/h2><p><b>Visk\u00f3zov\u00e9 koberce<\/b> s p\u0159\u00edrodn\u00edm materi\u00e1lem vy\u017eaduj\u00ed profesion\u00e1ln\u00ed p\u00e9\u010di. Nen\u00ed doporu\u010deno se pokou\u0161et o dom\u00e1c\u00ed hloubkov\u00e9 \u010di\u0161t\u011bn\u00ed prost\u0159ednictv\u00edm parn\u00edho \u010disti\u010de ze zadn\u00ed a p\u0159edn\u00ed strany, jeliko\u017e jej parn\u00ed \u010disti\u010d nen\u00ed schopen vy\u010dist\u00ed cel\u00fd a prostupuj\u00edc\u00ed nadm\u011brn\u00e9 teplo po\u0161kozuje vlnu a jej\u00ed p\u0159\u00edrodn\u00ed lanolin. P\u0159\u00edli\u0161n\u00e1 teplota m\u016f\u017ee z\u00e1rove\u0148 v\u00e9st ke smr\u0161\u0165ov\u00e1n\u00ed p\u0159\u00edrodn\u00edch vl\u00e1ken visk\u00f3zov\u00fdch koberc\u016f, \u010d\u00edm\u017e se m\u016f\u017eete vystavit riziku jejich trval\u00e9ho po\u0161kozen\u00ed.<\/p><p><b>Dom\u00e1c\u00ed <\/b>p\u00e9\u010de o\u00a0visk\u00f3zov\u00e9 koberce\u00a0je prost\u00e1. Pravideln\u00e9 t\u00fddenn\u00ed vys\u00e1v\u00e1n\u00ed ide\u00e1ln\u00ed s\u00a0klepac\u00ed hlavic\u00ed mu neubl\u00ed\u017e\u00ed po cel\u00e1 desetilet\u00ed. P\u0159\u00edrodn\u00ed rostlinn\u00e1 barviva, hust\u00e1 vazba a\u00a0p\u0159\u00edrodn\u00ed mastnota panensk\u00e9 vlny poskytuj\u00ed ochranu,\u00a0tak\u017ee v\u011bt\u0161ina ne\u010distot do koberce v\u016fbec nepronikne. V z\u00e1kladech se mohou \u010dasem usazovat pouze nejmen\u0161\u00ed \u010d\u00e1stice p\u00edsku a prachu. Aby se z koberce odstranily i ty nejmen\u0161\u00ed prachov\u00e9 \u010d\u00e1stice, doporu\u010duje se hloubkov\u011b \u010distit koberec za ka\u017ed\u00fdch 2-3 rok\u016f u odborn\u00edk\u016f \u2013 profesion\u00e1ln\u00ed \u010dist\u00edrn\u011b p\u0159\u00edrodn\u00edch koberc\u016f.<\/p><p><b>V\u00a0p\u0159\u00edpad\u011b<\/b>, \u017ee se visk\u00f3zov\u00fd koberec dostane do kontaktu pouze s vodou, obvykle jej sta\u010d\u00ed\u00a0d\u016fkladn\u011b vysu\u0161it z obou stran. Visk\u00f3za je obzvl\u00e1\u0161t\u011b citliv\u00e1 na vlhko. Proto je t\u0159eba d\u00e1vat pozor, abyste rozlit\u00fdmi tekutinami koberec nezni\u010dili. P\u0159\u00edpadn\u00e9 rozlit\u00e9 tekutiny je tak t\u0159eba okam\u017eit\u011b set\u0159\u00edt sav\u00fdm bavln\u011bn\u00fdm had\u0159\u00edkem. Koberec se bude na mokr\u00e9m m\u00edst\u011b n\u011bkolik dn\u00ed zvedat, proto\u017ee osnova se vlivem vlhkosti rozp\u00edn\u00e1. Jakmile vlhkost z koberce unikne, osnova se op\u011bt usad\u00ed a koberec se nezm\u011bn\u00ed. Je t\u0159eba se vyvarovat siln\u00e9ho t\u0159en\u00ed skvrn od vody za sucha nebo pou\u017e\u00edv\u00e1n\u00ed \u010distic\u00edch prost\u0159edk\u016f, proto\u017ee oboj\u00ed m\u016f\u017ee visk\u00f3zov\u00fd koberec po\u0161kodit. V p\u0159\u00edpad\u011b skvrn od k\u00e1vy nebo koly byste m\u011bli co nejd\u0159\u00edve kontaktovat odborn\u00edka. Skvrnu m\u016f\u017eete o\u0161et\u0159it sami pomoc\u00ed vla\u017en\u00e9 vody a prost\u0159edku na myt\u00ed n\u00e1dob\u00ed. P\u0159edt\u00edm byste v\u0161ak m\u011bli po\u017e\u00e1dat o radu odborn\u00edka.<\/p><p><b>Je<\/b> mo\u017en\u00e9, \u017ee m\u016f\u017ee na za\u010d\u00e1tku nov\u00fd visk\u00f3zov\u00fd koberec trochu \u017emolkovat. Vypad\u00e1v\u00e1n\u00ed p\u0159ebyte\u010dn\u00fdch vl\u00e1ken je ale prost\u011b jen n\u00e1sledek v\u00fdrobn\u00edho procesu a nen\u00ed t\u0159eba se ho ob\u00e1vat. Pravideln\u00e9 vys\u00e1v\u00e1n\u00ed vysava\u010dem s n\u00e1stavcem se zapu\u0161t\u011bn\u00fdm kart\u00e1\u010dem by m\u011blo pomoci.<\/p><p><b>Profesion\u00e1ln\u00ed <\/b>\u010dist\u00edrna koberc\u016f a poskytovan\u00e1 renomovan\u00e1 \u00fadr\u017eba visk\u00f3zov\u00fdch koberc\u016f prost\u0159ednictv\u00edm odborn\u011b zp\u016fsobil\u00e9mu technologick\u00e9mu postupu p\u0159in\u00e1\u0161\u00ed jistotu, \u017ee se v\u00e1\u0161 visk\u00f3zov\u00fd koberec nesraz\u00ed, nevybledne, a dokonce nebude vykazovat \u017e\u00e1dn\u00e9 po\u0161kozen\u00ed.<\/p><ul><li>V\u011bt\u0161inu ne\u010distot a prachu z visk\u00f3zov\u00e9ho koberce nejprve odstran\u00edme ru\u010dn\u011b \u0161etrn\u00fdm strojov\u00fdm za\u0159\u00edzen\u00edm, nam\u00edsto toho, abychom jej prohnali agresivn\u00edm za\u0159\u00edzen\u00edm, kter\u00e9 m\u016f\u017ee v\u00e1\u0161 drahocenn\u00fd koberec po\u0161kodit.<\/li><li>V z\u00e1vislosti na materi\u00e1lu va\u0161eho visk\u00f3zov\u00e9ho koberce pou\u017eijeme specializovan\u00fd odstra\u0148ova\u010d skvrn, kter\u00fd skvrny d\u016fkladn\u011b odstran\u011bn\u00ed \u010di zredukuje dle stavu koberce.<\/li><li>V z\u00e1vislosti na materi\u00e1lu bude v\u00e1\u0161 koberec bu\u010f vy\u010di\u0161t\u011bn ve vodn\u00ed l\u00e1zni a n\u00e1sledn\u011b vy\u010di\u0161t\u011bn chemicky s\u00a0pou\u017eit\u00edm speci\u00e1ln\u00edch \u201eWOOL SAFE\u201c chemick\u00fdch \u010disti\u010d\u016f.<\/li><li>Visk\u00f3zov\u00e9 koberce pot\u00e9 co nejl\u00e9pe vysu\u0161\u00edme, abychom je zbavili p\u0159ebyte\u010dn\u00e9 vlhkosti a d\u00e1me jej vyschnout a vypneme jej.<\/li><li>Nakonec visk\u00f3zov\u00fd koberec d\u016fkladn\u011b dezinfikujeme a impregnujeme a po d\u016fkladn\u00e9\u00a0 zkontroluje jej zabal\u00edme a p\u0159iprav\u00edme jej k\u00a0p\u0159ed\u00e1n\u00ed \u010di k\u00a0p\u0159evozu k\u00a0V\u00e1m.<\/li><\/ul><p><b>Z\u00e1v\u011brem<\/b> lze \u0159\u00edci, \u017ee je v\u017edy lep\u0161\u00ed nechat si visk\u00f3zov\u00e9 koberce vy\u010distit profesion\u00e1lem, ne\u017e se o to pokou\u0161et sv\u00e9pomoc\u00ed. \u010c\u00edm v\u011bt\u0161\u00ed je toti\u017e pravd\u011bpodobnost chyby, t\u00edm v\u00edce se V\u00e1\u0161 koberec po\u0161kod\u00ed \u010di m\u016f\u017ee lok\u00e1ln\u011b znehodnotit a to i nevratn\u011b.<\/p><p>[\/et_pb_text][\/et_pb_column][\/et_pb_row][\/et_pb_section]<\/p>","_et_gb_content_width":"","inline_featured_image":false,"footnotes":""},"class_list":["post-16064","page","type-page","status-publish","hentry"],"_links":{"self":[{"href":"https:\/\/cistirna-kobercu.eu\/en\/wp-json\/wp\/v2\/pages\/16064","targetHints":{"allow":["GET"]}}],"collection":[{"href":"https:\/\/cistirna-kobercu.eu\/en\/wp-json\/wp\/v2\/pages"}],"about":[{"href":"https:\/\/cistirna-kobercu.eu\/en\/wp-json\/wp\/v2\/types\/page"}],"author":[{"embeddable":true,"href":"https:\/\/cistirna-kobercu.eu\/en\/wp-json\/wp\/v2\/users\/2"}],"replies":[{"embeddable":true,"href":"https:\/\/cistirna-kobercu.eu\/en\/wp-json\/wp\/v2\/comments?post=16064"}],"version-history":[{"count":4,"href":"https:\/\/cistirna-kobercu.eu\/en\/wp-json\/wp\/v2\/pages\/16064\/revisions"}],"predecessor-version":[{"id":16332,"href":"https:\/\/cistirna-kobercu.eu\/en\/wp-json\/wp\/v2\/pages\/16064\/revisions\/16332"}],"wp:attachment":[{"href":"https:\/\/cistirna-kobercu.eu\/en\/wp-json\/wp\/v2\/media?parent=16064"}],"curies":[{"name":"wp","href":"https:\/\/api.w.org\/{rel}","templated":true}]}}